{"id":747,"date":"2019-10-24T10:52:44","date_gmt":"2019-10-24T10:52:44","guid":{"rendered":"http:\/\/digitale-medien-und-deutsche-auslandsschulen.gei.de\/?page_id=2"},"modified":"2022-12-22T10:27:15","modified_gmt":"2022-12-22T10:27:15","slug":"projekt","status":"publish","type":"page","link":"https:\/\/das.gei.de\/?page_id=747&lang=de","title":{"rendered":"Das Projekt"},"content":{"rendered":"\n<div><strong>Wie setzen sich Deutsche Auslandsschulen (DAS) weltweit mit Bildungsmedien auseinander? Etwas genauer gefragt: Welche Medien werden durch Lehrende und Lernende in der t\u00e4glichen Praxis genutzt, produziert, modifiziert usw.?&nbsp;<\/strong><\/div>\n\n\n\n<div>&nbsp;<\/div>\n\n\n\n<div><strong>Wie werden deutsche Bildungsinhalte \u00fcber die Landesgrenze hinweg in verschiedenen Kontexten diskutiert, angefochten und angeeignet &#8211; und welche Konsequenzen hat dies?<\/strong><\/div>\n\n\n\n<div>&nbsp;<\/div>\n\n\n\n<div><strong>Welche M\u00f6glichkeiten ergeben sich daraus f\u00fcr die Entwicklung neuer Bildungsmedien, die sich an die Praktiken von Lernenden und Lehrenden an einer DAS anpassen?<\/strong><\/div>\n\n\n\n<div>&nbsp;<\/div>\n\n\n\n<div>In DAS@GEI untersuchen wir eine Vielzahl an Themen mit dem Ziel, Antworten auf diese Fragen zu finden. Zeitgleich untersuchen wir dabei wichtige, gesellschaftlich relevante Themen unserer sich schnell ver\u00e4ndernden Welt: Vielfalt, Inklusion, Digitalisierung, Innovation, Global Citizenship.<\/div>\n\n\n\n<div>&nbsp;<\/div>\n\n\n\n<div>In Bezug auf DAS gestaltet sich der Ansatz des GEI als multidisziplin\u00e4r, vielseitig und ethnografisch. In einer Reihe unterschiedlicher Studien, die im Jahr 2016 begonnen haben, hat das GEI Praktiken und Diskurse an DAS im Rahmen verschiedener Forschungsschwerpunkte untersucht:<\/div>\n\n\n\n<div>&nbsp;<\/div>\n\n\n\n<ul class=\"wp-block-list\"><li>In&nbsp;<em>DASinklusiv<\/em>&nbsp;konzentrieren wir uns insbesondere auf Vielfalt an Schulen, die ein Zertifikat als \u201eInklusive Schule\u201c erhalten haben.<\/li><li>In&nbsp;<em>digDAS<\/em>&nbsp;legen wir unser Augenmerk auf digitale Praktiken und den Einsatz digitaler Medien, insbesondere an Schulen, die einen Innovationspreis erhalten haben.<\/li><li>In&nbsp;<em>globalDAS<\/em>&nbsp;fokussieren wir uns auf Ideale und Praktiken von Global Citizenship, die an Schulen realisiert werden, die ein mehr oder weniger explizites \u201eglobales Selbstverst\u00e4ndnis\u201c f\u00f6rdern.<\/li><\/ul>\n\n\n\n<div>&nbsp;<\/div>\n\n\n\n<div>Basierend auf unserer Forschung und Arbeit an diesen Schulen reflektieren und entwickeln wir kontinuierlich <a href=\"https:\/\/www.zwischentoene.info\/themen.html\">Bildungsmaterialien und -inhalte, die darauf ausgelegt sind, geeignete Impulse f\u00fcr das Lehren und Lernen an DAS zu bieten<\/a>.<\/div>\n\n\n\n<h2 class=\"wp-block-heading\">Das Leibniz-Institut f\u00fcr Bildungsmedien | Georg-Eckert-Institut (GEI)<\/h2>\n\n\n\n<p><\/p>\n\n\n\n<p>Das <a rel=\"noopener noreferrer\" href=\"http:\/\/www.gei.de\/\" target=\"_blank\">Leibniz-Institut f\u00fcr Bildungsmedien | Georg-Eckert-Institut (GEI)<\/a> betreibt anwendungsbezogene und multidisziplin\u00e4re Schulbuch- und Bildungsmedien-forschung mit einem kulturwissenschaftlich-historischen Schwerpunkt. Zudem ber\u00e4t es national wie international die Bildungspolitik, -praxis und Bildungsorganisationen und f\u00fchrt unter anderem regelm\u00e4\u00dfig vom Ausw\u00e4rtigen Amt gef\u00f6rderte Studien zu aktuellen Themen durch.<\/p>\n\n\n\n<p><strong><span style=\"font-family: EgyptienneF LT Roman,serif;\">Gef\u00f6rdert durch:<\/span><\/strong><\/p>\n\n\n\n<figure class=\"wp-block-image is-resized\"><a href=\"http:\/\/globaldas.gei.de\/wp-content\/uploads\/2016\/10\/AA_transparent.png\"><img loading=\"lazy\" decoding=\"async\" src=\"http:\/\/globaldas.gei.de\/wp-content\/uploads\/2016\/10\/AA_transparent-300x189.png\" alt=\"Logo Ausw\u00e4rtiges Amt\" class=\"wp-image-125\" width=\"239\" height=\"151\" srcset=\"https:\/\/das.gei.de\/wp-content\/uploads\/2016\/10\/AA_transparent-300x189.png 300w, https:\/\/das.gei.de\/wp-content\/uploads\/2016\/10\/AA_transparent.png 666w\" sizes=\"auto, (max-width: 239px) 100vw, 239px\" \/><\/a><\/figure>\n","protected":false},"excerpt":{"rendered":"<p>Wie setzen sich Deutsche Auslandsschulen (DAS) weltweit mit Bildungsmedien auseinander? Etwas genauer gefragt: Welche Medien werden durch Lehrende und Lernende in der t\u00e4glichen Praxis genutzt, produziert, modifiziert usw.?&nbsp; &nbsp; Wie werden deutsche Bildungsinhalte \u00fcber die Landesgrenze hinweg in verschiedenen Kontexten diskutiert, angefochten und angeeignet &#8211; und welche Konsequenzen hat dies? &nbsp; Welche M\u00f6glichkeiten ergeben sich [&hellip;]<\/p>\n","protected":false},"author":1,"featured_media":0,"parent":0,"menu_order":0,"comment_status":"closed","ping_status":"closed","template":"","meta":{"footnotes":""},"class_list":["post-747","page","type-page","status-publish","hentry"],"_links":{"self":[{"href":"https:\/\/das.gei.de\/index.php?rest_route=\/wp\/v2\/pages\/747","targetHints":{"allow":["GET"]}}],"collection":[{"href":"https:\/\/das.gei.de\/index.php?rest_route=\/wp\/v2\/pages"}],"about":[{"href":"https:\/\/das.gei.de\/index.php?rest_route=\/wp\/v2\/types\/page"}],"author":[{"embeddable":true,"href":"https:\/\/das.gei.de\/index.php?rest_route=\/wp\/v2\/users\/1"}],"replies":[{"embeddable":true,"href":"https:\/\/das.gei.de\/index.php?rest_route=%2Fwp%2Fv2%2Fcomments&post=747"}],"version-history":[{"count":37,"href":"https:\/\/das.gei.de\/index.php?rest_route=\/wp\/v2\/pages\/747\/revisions"}],"predecessor-version":[{"id":2213,"href":"https:\/\/das.gei.de\/index.php?rest_route=\/wp\/v2\/pages\/747\/revisions\/2213"}],"wp:attachment":[{"href":"https:\/\/das.gei.de\/index.php?rest_route=%2Fwp%2Fv2%2Fmedia&parent=747"}],"curies":[{"name":"wp","href":"https:\/\/api.w.org\/{rel}","templated":true}]}}