{"id":1943,"date":"2019-03-21T15:52:07","date_gmt":"2019-03-21T15:52:07","guid":{"rendered":"http:\/\/das.gei.de\/?page_id=1943"},"modified":"2022-12-22T10:27:15","modified_gmt":"2022-12-22T10:27:15","slug":"die-deutsche-europaische-schule-manila-desm","status":"publish","type":"page","link":"https:\/\/das.gei.de\/?page_id=1943&lang=de","title":{"rendered":"Deutsche Europ\u00e4ische Schule Manila (DESM)"},"content":{"rendered":"\n<p><\/p>\n\n\n\n<div class=\"wp-block-image\"><figure class=\"alignleft\"><img loading=\"lazy\" decoding=\"async\" width=\"209\" height=\"151\" src=\"https:\/\/das.gei.de\/wp-content\/uploads\/2021\/07\/image-3.png\" alt=\"\" class=\"wp-image-1944\"\/><\/figure><\/div>\n\n\n\n<p>Die Deutsche Europ\u00e4ische Schule Manila (DESM) ist eine  deutsche Auslandsschule in Para\u00f1aque City im Gro\u00dfraum Manila auf den Philippinen. Sie ist sowohl vom Ausw\u00e4rtigen Amt als auch bei der philippinischen Bildungsbeh\u00f6rde akkreditiert, von der IBO (International Baccalaureate Organisation) anerkannt und Teil des internationalen Netzwerks der UNESCO-Projektschulen.<\/p>\n\n\n\n<p>Die\nDESM ist eine G-8 Schule, die in ihrem deutschen Zweig bis zur Jahrgangsstufe\n10 nach deutschen Lehrpl\u00e4nen und Bildungsstandards unterrichtet. Das schulische\nAngebot reicht von Kindergarten und Vorschule bis zur weiterf\u00fchrenden Stufe,\ndie zum International Baccalaureate f\u00fchrt. Sie bildet gemeinsam mit dem Lyc\u00e9e\nFran\u00e7ais de Manille (LFM) die Dachorganisation <em>European International School<\/em>\n(EIS)&nbsp;und teilt sich mit dieser die Anlagen und Einrichtungen auf dem\nEurocampus Manila in Para\u00f1aque. Weltweit gibt es nur 6 Eurocampus-Schulen. <\/p>\n\n\n\n<p>Die DESM wurde 2011 von der Bund-L\u00e4nder-Inspektion als <em>Exzellente Deutsche Auslandsschule<\/em> zertifiziert. 2017 wurde dieser Status bei einer erneuten Inspektion best\u00e4tigt.<\/p>\n\n\n\n<p><em>F\u00fcr weitere Informationen besuchen Sie <\/em><a href=\"https:\/\/www.gesm.org\/?lang=de\"><em>https:\/\/www.gesm.org\/?lang=de<\/em><\/a><\/p>\n\n\n\n<div class=\"wp-block-image\"><figure class=\"aligncenter\"><img loading=\"lazy\" decoding=\"async\" width=\"226\" height=\"83\" src=\"https:\/\/das.gei.de\/wp-content\/uploads\/2021\/07\/image-4.png\" alt=\"\" class=\"wp-image-1946\"\/><\/figure><\/div>\n","protected":false},"excerpt":{"rendered":"<p>Die Deutsche Europ\u00e4ische Schule Manila (DESM) ist eine deutsche Auslandsschule in Para\u00f1aque City im Gro\u00dfraum Manila auf den Philippinen. Sie ist sowohl vom Ausw\u00e4rtigen Amt als auch bei der philippinischen Bildungsbeh\u00f6rde akkreditiert, von der IBO (International Baccalaureate Organisation) anerkannt und Teil des internationalen Netzwerks der UNESCO-Projektschulen. Die DESM ist eine G-8 Schule, die in ihrem [&hellip;]<\/p>\n","protected":false},"author":2,"featured_media":0,"parent":0,"menu_order":0,"comment_status":"closed","ping_status":"closed","template":"","meta":{"footnotes":""},"class_list":["post-1943","page","type-page","status-publish","hentry"],"_links":{"self":[{"href":"https:\/\/das.gei.de\/index.php?rest_route=\/wp\/v2\/pages\/1943","targetHints":{"allow":["GET"]}}],"collection":[{"href":"https:\/\/das.gei.de\/index.php?rest_route=\/wp\/v2\/pages"}],"about":[{"href":"https:\/\/das.gei.de\/index.php?rest_route=\/wp\/v2\/types\/page"}],"author":[{"embeddable":true,"href":"https:\/\/das.gei.de\/index.php?rest_route=\/wp\/v2\/users\/2"}],"replies":[{"embeddable":true,"href":"https:\/\/das.gei.de\/index.php?rest_route=%2Fwp%2Fv2%2Fcomments&post=1943"}],"version-history":[{"count":6,"href":"https:\/\/das.gei.de\/index.php?rest_route=\/wp\/v2\/pages\/1943\/revisions"}],"predecessor-version":[{"id":2205,"href":"https:\/\/das.gei.de\/index.php?rest_route=\/wp\/v2\/pages\/1943\/revisions\/2205"}],"wp:attachment":[{"href":"https:\/\/das.gei.de\/index.php?rest_route=%2Fwp%2Fv2%2Fmedia&parent=1943"}],"curies":[{"name":"wp","href":"https:\/\/api.w.org\/{rel}","templated":true}]}}