{"id":1938,"date":"2017-07-21T15:49:01","date_gmt":"2017-07-21T15:49:01","guid":{"rendered":"http:\/\/das.gei.de\/?page_id=1938"},"modified":"2022-12-22T10:27:15","modified_gmt":"2022-12-22T10:27:15","slug":"die-deutsche-evangelische-oberschule-deo-kairo","status":"publish","type":"page","link":"https:\/\/das.gei.de\/?page_id=1938&lang=de","title":{"rendered":"Deutsche Evangelische Oberschule (DEO) Kairo"},"content":{"rendered":"\n<div class=\"wp-block-image\"><figure class=\"alignleft is-resized\"><img loading=\"lazy\" decoding=\"async\" src=\"https:\/\/das.gei.de\/wp-content\/uploads\/2021\/07\/image-2.png\" alt=\"\" class=\"wp-image-1939\" width=\"194\" height=\"193\" srcset=\"https:\/\/das.gei.de\/wp-content\/uploads\/2021\/07\/image-2.png 206w, https:\/\/das.gei.de\/wp-content\/uploads\/2021\/07\/image-2-150x150.png 150w\" sizes=\"auto, (max-width: 194px) 100vw, 194px\" \/><\/figure><\/div>\n\n\n\n<p>Die Deutsche Evangelische Oberschule (DEO) in&nbsp; Kairo ist eine von acht anerkannten deutschen Auslandschulen in \u00c4gypten. Sie wurde 1873 gegr\u00fcndet und verfolgt das Konzept einer integrierten Begegnungsschule, d.&nbsp;h. dass sowohl deutsche und \u00e4gyptische Sch\u00fcler*innen, als auch sonstiger Herkunft hier lernen. Die DEO bietet ihren Sch\u00fcler*innen die M\u00f6glichkeit, nach zw\u00f6lf Schuljahren die Deutsche Reifepr\u00fcfung (Abitur) abzulegen. <\/p>\n\n\n\n<p>Heute besuchen ca. 1300 Lernende die deutsche Auslandschule in Kairo; rund 120 Lehrkr\u00e4fte betreuen die Sch\u00fcler*innen. Damit z\u00e4hlt die DEO zu einer der gro\u00dfen deutschen Auslandsschulen und ist die gr\u00f6\u00dfte im nah\u00f6stlichen und afrikanischen Raum. 2011 wurde sie mit dem Qualit\u00e4tssiegel &#8220;<em>Exzellente deutsche Auslandsschule&#8221;<\/em> ausgezeichnet. Tr\u00e4ger der Institution ist die deutschsprachige Evangelische Gemeinde in Kairo, die sich durch den Schulausschuss um die Angelegenheiten der DEO k\u00fcmmert.<\/p>\n\n\n\n<p><em>F\u00fcr weitere Informationen besuchen Sie <\/em><a href=\"http:\/\/www.deokairo.com\/home.html\"><em>http:\/\/www.deokairo.com\/home.html<\/em><\/a><em> &nbsp;<\/em><\/p>\n\n\n\n<div class=\"wp-block-image\"><figure class=\"aligncenter\"><img loading=\"lazy\" decoding=\"async\" width=\"226\" height=\"83\" src=\"https:\/\/das.gei.de\/wp-content\/uploads\/2021\/07\/image-6.png\" alt=\"\" class=\"wp-image-1951\"\/><\/figure><\/div>\n","protected":false},"excerpt":{"rendered":"<p>Die Deutsche Evangelische Oberschule (DEO) in&nbsp; Kairo ist eine von acht anerkannten deutschen Auslandschulen in \u00c4gypten. Sie wurde 1873 gegr\u00fcndet und verfolgt das Konzept einer integrierten Begegnungsschule, d.&nbsp;h. dass sowohl deutsche und \u00e4gyptische Sch\u00fcler*innen, als auch sonstiger Herkunft hier lernen. Die DEO bietet ihren Sch\u00fcler*innen die M\u00f6glichkeit, nach zw\u00f6lf Schuljahren die Deutsche Reifepr\u00fcfung (Abitur) abzulegen. [&hellip;]<\/p>\n","protected":false},"author":2,"featured_media":0,"parent":0,"menu_order":0,"comment_status":"closed","ping_status":"closed","template":"","meta":{"footnotes":""},"class_list":["post-1938","page","type-page","status-publish","hentry"],"_links":{"self":[{"href":"https:\/\/das.gei.de\/index.php?rest_route=\/wp\/v2\/pages\/1938","targetHints":{"allow":["GET"]}}],"collection":[{"href":"https:\/\/das.gei.de\/index.php?rest_route=\/wp\/v2\/pages"}],"about":[{"href":"https:\/\/das.gei.de\/index.php?rest_route=\/wp\/v2\/types\/page"}],"author":[{"embeddable":true,"href":"https:\/\/das.gei.de\/index.php?rest_route=\/wp\/v2\/users\/2"}],"replies":[{"embeddable":true,"href":"https:\/\/das.gei.de\/index.php?rest_route=%2Fwp%2Fv2%2Fcomments&post=1938"}],"version-history":[{"count":9,"href":"https:\/\/das.gei.de\/index.php?rest_route=\/wp\/v2\/pages\/1938\/revisions"}],"predecessor-version":[{"id":2207,"href":"https:\/\/das.gei.de\/index.php?rest_route=\/wp\/v2\/pages\/1938\/revisions\/2207"}],"wp:attachment":[{"href":"https:\/\/das.gei.de\/index.php?rest_route=%2Fwp%2Fv2%2Fmedia&parent=1938"}],"curies":[{"name":"wp","href":"https:\/\/api.w.org\/{rel}","templated":true}]}}