{"id":1934,"date":"2019-07-21T15:43:46","date_gmt":"2019-07-21T15:43:46","guid":{"rendered":"http:\/\/das.gei.de\/?page_id=1934"},"modified":"2022-12-22T10:27:15","modified_gmt":"2022-12-22T10:27:15","slug":"die-deutsche-hohere-privatschule-windhoek-dhps","status":"publish","type":"page","link":"https:\/\/das.gei.de\/?page_id=1934&lang=de","title":{"rendered":"Deutsche H\u00f6here Privatschule Windhoek (DHPS)"},"content":{"rendered":"\n<div class=\"wp-block-image\"><figure class=\"alignleft\"><img loading=\"lazy\" decoding=\"async\" width=\"135\" height=\"178\" src=\"https:\/\/das.gei.de\/wp-content\/uploads\/2021\/07\/image-1.png\" alt=\"\" class=\"wp-image-1935\"\/><\/figure><\/div>\n\n\n\n<p>Die Deutsche H\u00f6here Privatschule Windhoek (DHPS) ist eine integrierte Deutsch-Namibische Schule, die zwei Schulabschl\u00fcsse anbietet, die von der Bundesrepublik Deutschland unterst\u00fctzt werden. An der DHPS k\u00f6nnen Sch\u00fcler*innen sowohl das NSSC (Namibian Senior Secondary Certificate), als auch das Deutsche Internationale Abitur (DIAP) erlangen. Im deutschen Zweig sind au\u00dferdem Haupt- und Realschulabschluss m\u00f6glich.<\/p>\n\n\n\n<p>Neben dem NSSC haben Lernende im englischen Zweig auch die M\u00f6glichkeit, das Deutsche Sprachdiplom (DSD I und DSD II) zu absolvieren. Die Sch\u00fcler*innen werden von P\u00e4dagogik*innen aus Deutschland, Namibia und anderen L\u00e4ndern in einer multikulturellen Umgebung auf einem gro\u00dfz\u00fcgigen Schulgel\u00e4nde unterrichtet. Durch eine&nbsp; Sprachenvielfalt aus Deutsch, Englisch, Franz\u00f6sisch, Afrikaans, Oshivambo, Nama, Damara, oder Otjiherero werden Sch\u00fcler*inen vom Kindergarten bis zur 12. Klasse zahlreiche M\u00f6glichkeiten geboten, bereichernde interkulturelle Begegnungen zu erfahren. Neben dem anerkannten akademischen Bildungsstandard bietet die DHPS ebenfalls eine Vielzahl von Arbeitsgemeinschaften an. <\/p>\n\n\n\n<p><em>F\u00fcr weitere Informationen besuchen Sie &nbsp;<\/em><a href=\"http:\/\/www.dhps-windhoek.de\/\">http:\/\/www.dhps-windhoek.de\/<\/a><em><\/em><\/p>\n","protected":false},"excerpt":{"rendered":"<p>Die Deutsche H\u00f6here Privatschule Windhoek (DHPS) ist eine integrierte Deutsch-Namibische Schule, die zwei Schulabschl\u00fcsse anbietet, die von der Bundesrepublik Deutschland unterst\u00fctzt werden. An der DHPS k\u00f6nnen Sch\u00fcler*innen sowohl das NSSC (Namibian Senior Secondary Certificate), als auch das Deutsche Internationale Abitur (DIAP) erlangen. Im deutschen Zweig sind au\u00dferdem Haupt- und Realschulabschluss m\u00f6glich. Neben dem NSSC haben [&hellip;]<\/p>\n","protected":false},"author":2,"featured_media":0,"parent":0,"menu_order":0,"comment_status":"closed","ping_status":"closed","template":"","meta":{"footnotes":""},"class_list":["post-1934","page","type-page","status-publish","hentry"],"_links":{"self":[{"href":"https:\/\/das.gei.de\/index.php?rest_route=\/wp\/v2\/pages\/1934","targetHints":{"allow":["GET"]}}],"collection":[{"href":"https:\/\/das.gei.de\/index.php?rest_route=\/wp\/v2\/pages"}],"about":[{"href":"https:\/\/das.gei.de\/index.php?rest_route=\/wp\/v2\/types\/page"}],"author":[{"embeddable":true,"href":"https:\/\/das.gei.de\/index.php?rest_route=\/wp\/v2\/users\/2"}],"replies":[{"embeddable":true,"href":"https:\/\/das.gei.de\/index.php?rest_route=%2Fwp%2Fv2%2Fcomments&post=1934"}],"version-history":[{"count":6,"href":"https:\/\/das.gei.de\/index.php?rest_route=\/wp\/v2\/pages\/1934\/revisions"}],"predecessor-version":[{"id":2206,"href":"https:\/\/das.gei.de\/index.php?rest_route=\/wp\/v2\/pages\/1934\/revisions\/2206"}],"wp:attachment":[{"href":"https:\/\/das.gei.de\/index.php?rest_route=%2Fwp%2Fv2%2Fmedia&parent=1934"}],"curies":[{"name":"wp","href":"https:\/\/api.w.org\/{rel}","templated":true}]}}