{"id":1931,"date":"2018-07-21T15:39:03","date_gmt":"2018-07-21T15:39:03","guid":{"rendered":"http:\/\/das.gei.de\/?page_id=1931"},"modified":"2022-12-22T10:27:15","modified_gmt":"2022-12-22T10:27:15","slug":"die-deutsche-schule-bukarest-dsbu","status":"publish","type":"page","link":"https:\/\/das.gei.de\/?page_id=1931&lang=de","title":{"rendered":"Deutsche Schule Bukarest (DSBU)"},"content":{"rendered":"\n<p><\/p>\n\n\n\n<div class=\"wp-block-image\"><figure class=\"alignleft is-resized\"><img loading=\"lazy\" decoding=\"async\" src=\"https:\/\/das.gei.de\/wp-content\/uploads\/2021\/07\/image.png\" alt=\"\" class=\"wp-image-1932\" width=\"189\" height=\"135\"\/><\/figure><\/div>\n\n\n\n<p style=\"text-align:left\">Die Deutsche Schule Bukarest (DSBU) ist die einzige Schule in Rum\u00e4nien, die exklusiv nach dem deutschen Lehrplan (Baden-W\u00fcrttemberg) unterrichtet und durch die Zentralstelle f\u00fcr das Auslandsschulwesen (ZfA) im Auftrag des Ausw\u00e4rtigen Amtes anerkannt wurde. Die DSBU wurde im Jahr 2007 gegr\u00fcndet und ist eine der 140 deutschen Auslandsschulen, die aus Krippe, Kindergarten, Grundschule und Gymnasium besteht. Insgesamt werden hier etwa 190 Kinder betreut. <\/p>\n\n\n\n<p>Die DSBU versteht sich als Begegnungsst\u00e4tte und Ort zur Entwicklung interkultureller Kompetenz. Menschen aus deutschsprachigen, rum\u00e4nischen und weiteren Kulturkreisen arbeiten und lernen miteinander und voneinander. Um den zuk\u00fcnftigen Anforderungen, wie beispielsweise den wachsenden Sch\u00fcler*innenzahlen und einer hohe Ausbildungsqualit\u00e4t gerecht zu werden, plant die Schule den Bau eines neuen Campus. Der Baustart begann im Dezember 2018. Ab 07. September 2021 \u00f6ffnet die neue Schule ihre Pforten.<\/p>\n\n\n\n<p><em>F\u00fcr weitere Information besuchen Sie&nbsp;<\/em><a href=\"https:\/\/www.dsbu.ro\/\"><em>https:\/\/www.dsbu.ro\/<\/em><\/a><\/p>\n\n\n\n<figure class=\"wp-block-image\"><img loading=\"lazy\" decoding=\"async\" width=\"376\" height=\"250\" src=\"https:\/\/das.gei.de\/wp-content\/uploads\/2021\/07\/image-5.png\" alt=\"\" class=\"wp-image-1948\" srcset=\"https:\/\/das.gei.de\/wp-content\/uploads\/2021\/07\/image-5.png 376w, https:\/\/das.gei.de\/wp-content\/uploads\/2021\/07\/image-5-300x199.png 300w\" sizes=\"auto, (max-width: 376px) 100vw, 376px\" \/><\/figure>\n\n\n\n<p><\/p>\n","protected":false},"excerpt":{"rendered":"<p>Die Deutsche Schule Bukarest (DSBU) ist die einzige Schule in Rum\u00e4nien, die exklusiv nach dem deutschen Lehrplan (Baden-W\u00fcrttemberg) unterrichtet und durch die Zentralstelle f\u00fcr das Auslandsschulwesen (ZfA) im Auftrag des Ausw\u00e4rtigen Amtes anerkannt wurde. Die DSBU wurde im Jahr 2007 gegr\u00fcndet und ist eine der 140 deutschen Auslandsschulen, die aus Krippe, Kindergarten, Grundschule und Gymnasium [&hellip;]<\/p>\n","protected":false},"author":2,"featured_media":0,"parent":0,"menu_order":0,"comment_status":"closed","ping_status":"closed","template":"","meta":{"footnotes":""},"class_list":["post-1931","page","type-page","status-publish","hentry"],"_links":{"self":[{"href":"https:\/\/das.gei.de\/index.php?rest_route=\/wp\/v2\/pages\/1931","targetHints":{"allow":["GET"]}}],"collection":[{"href":"https:\/\/das.gei.de\/index.php?rest_route=\/wp\/v2\/pages"}],"about":[{"href":"https:\/\/das.gei.de\/index.php?rest_route=\/wp\/v2\/types\/page"}],"author":[{"embeddable":true,"href":"https:\/\/das.gei.de\/index.php?rest_route=\/wp\/v2\/users\/2"}],"replies":[{"embeddable":true,"href":"https:\/\/das.gei.de\/index.php?rest_route=%2Fwp%2Fv2%2Fcomments&post=1931"}],"version-history":[{"count":11,"href":"https:\/\/das.gei.de\/index.php?rest_route=\/wp\/v2\/pages\/1931\/revisions"}],"predecessor-version":[{"id":2208,"href":"https:\/\/das.gei.de\/index.php?rest_route=\/wp\/v2\/pages\/1931\/revisions\/2208"}],"wp:attachment":[{"href":"https:\/\/das.gei.de\/index.php?rest_route=%2Fwp%2Fv2%2Fmedia&parent=1931"}],"curies":[{"name":"wp","href":"https:\/\/api.w.org\/{rel}","templated":true}]}}