{"id":1341,"date":"2017-11-23T12:37:21","date_gmt":"2017-11-23T12:37:21","guid":{"rendered":"http:\/\/globaldas.gei.de\/?page_id=1341"},"modified":"2022-12-22T10:27:15","modified_gmt":"2022-12-22T10:27:15","slug":"deutsche-schule-beverly-hills-kairo","status":"publish","type":"page","link":"https:\/\/das.gei.de\/?page_id=1341&lang=de","title":{"rendered":"Deutsche Schule Beverly Hills Kairo"},"content":{"rendered":"<p><img loading=\"lazy\" decoding=\"async\" class=\"wp-image-2134 alignleft\" src=\"https:\/\/das.gei.de\/wp-content\/uploads\/2021\/11\/bhs-logo.png\" alt=\"\" width=\"178\" height=\"126\" \/>Die 2003 gegr\u00fcndete <strong>Deutsche Schule Beverly Hills Kairo<\/strong> ist eine internationale Schule in privater Tr\u00e4gerschaft. Das qualifizierte deutsche Programm reicht vom Kindergarten bis zum internationalen Abschluss. An der Deutsche Schule Beverly Hills Kairo k\u00f6nnen folgende Abschl\u00fcsse erworben werden: Hauptschulabschluss; Sekundarstufe I Abschluss; Deutsches Sprachdiplom (A2\/B1 und B2\/C1); das Gemischtsprachige Internationale Baccalaureate (GIB).<\/p>\n<p>Im Schuljahr 2009\/2010 wurde die Deutsche Schule Beverly Hills Kairo nach einer eingehenden Inspektion durch die ZfA und durch die Kultusministerkonferenz der L\u00e4nder mit dem Pr\u00e4dikat \u201eAnerkannte Deutsche Auslandsschule\u201c ausgezeichnet. Seit dem Schuljahr 2012\/13 ist die Deutsche Schule Beverly Hills Kairo als IB World School anerkannt.<\/p>\n<p>Die Schule ist zweiz\u00fcgig angelegt und ihr Kollegium setzt sich aus \u00e4gyptischen, deutschen, \u00f6sterreichischen und schweizerischen Lehrer*innen zusammen. Die Sch\u00fcler*innen kommen gr\u00f6\u00dftenteils aus \u00e4gyptischen Familien, etliche haben einen binationalen Hintergrund oder haben mit ihren Eltern bereits in einem deutschsprachigen Land gelebt.<\/p>\n<p>Der Unterricht folgt den Lehrpl\u00e4nen Th\u00fcringens. Arabisch, Religion und Sozialkunde werden nach \u00e4gyptischem Lehrplan unterrichtet.<\/p>\n<p><em>F\u00fcr weitere Informationen besuchen Sie <a href=\"http:\/\/www.bhs-egypt.com\/deutsche\/index.php\/de\/\">http:\/\/www.bhs-egypt.com\/deutsche\/index.php\/de\/<\/a><\/em><\/p>\n<h3>Forschungszeitraum<\/h3>\n<p>19 &#8211; 29 November 2017<\/p>\n<h3>Fotos<\/h3>\n<p><a href=\"http:\/\/globaldas.gei.de\/wp-content\/uploads\/2017\/11\/IMG_9821.jpg\"><img loading=\"lazy\" decoding=\"async\" class=\"alignnone size-medium wp-image-1371\" src=\"http:\/\/globaldas.gei.de\/wp-content\/uploads\/2017\/11\/IMG_9821-300x169.jpg\" alt=\"\" width=\"300\" height=\"169\" srcset=\"https:\/\/das.gei.de\/wp-content\/uploads\/2017\/11\/IMG_9821-300x169.jpg 300w, https:\/\/das.gei.de\/wp-content\/uploads\/2017\/11\/IMG_9821-768x432.jpg 768w, https:\/\/das.gei.de\/wp-content\/uploads\/2017\/11\/IMG_9821-1024x576.jpg 1024w, https:\/\/das.gei.de\/wp-content\/uploads\/2017\/11\/IMG_9821.jpg 1040w\" sizes=\"auto, (max-width: 300px) 100vw, 300px\" \/><\/a><\/p>\n","protected":false},"excerpt":{"rendered":"<p>Die 2003 gegr\u00fcndete Deutsche Schule Beverly Hills Kairo ist eine internationale Schule in privater Tr\u00e4gerschaft. Das qualifizierte deutsche Programm reicht vom Kindergarten bis zum internationalen Abschluss. An der Deutsche Schule Beverly Hills Kairo k\u00f6nnen folgende Abschl\u00fcsse erworben werden: Hauptschulabschluss; Sekundarstufe I Abschluss; Deutsches Sprachdiplom (A2\/B1 und B2\/C1); das Gemischtsprachige Internationale Baccalaureate (GIB). Im Schuljahr 2009\/2010 [&hellip;]<\/p>\n","protected":false},"author":2,"featured_media":0,"parent":0,"menu_order":0,"comment_status":"closed","ping_status":"closed","template":"","meta":{"footnotes":""},"class_list":["post-1341","page","type-page","status-publish","hentry"],"_links":{"self":[{"href":"https:\/\/das.gei.de\/index.php?rest_route=\/wp\/v2\/pages\/1341","targetHints":{"allow":["GET"]}}],"collection":[{"href":"https:\/\/das.gei.de\/index.php?rest_route=\/wp\/v2\/pages"}],"about":[{"href":"https:\/\/das.gei.de\/index.php?rest_route=\/wp\/v2\/types\/page"}],"author":[{"embeddable":true,"href":"https:\/\/das.gei.de\/index.php?rest_route=\/wp\/v2\/users\/2"}],"replies":[{"embeddable":true,"href":"https:\/\/das.gei.de\/index.php?rest_route=%2Fwp%2Fv2%2Fcomments&post=1341"}],"version-history":[{"count":8,"href":"https:\/\/das.gei.de\/index.php?rest_route=\/wp\/v2\/pages\/1341\/revisions"}],"predecessor-version":[{"id":2187,"href":"https:\/\/das.gei.de\/index.php?rest_route=\/wp\/v2\/pages\/1341\/revisions\/2187"}],"wp:attachment":[{"href":"https:\/\/das.gei.de\/index.php?rest_route=%2Fwp%2Fv2%2Fmedia&parent=1341"}],"curies":[{"name":"wp","href":"https:\/\/api.w.org\/{rel}","templated":true}]}}